{"id":100,"date":"2025-02-27T11:06:54","date_gmt":"2025-02-27T10:06:54","guid":{"rendered":"https:\/\/corona1.eu\/de\/?page_id=100"},"modified":"2025-02-27T15:20:02","modified_gmt":"2025-02-27T14:20:02","slug":"explosionsdruckentlastung-cv-i","status":"publish","type":"page","link":"https:\/\/corona1.eu\/de\/explosionsdruckentlastung\/explosionsdruckentlastung-cv-i\/","title":{"rendered":"Explosionsdruckentlastung CV-I"},"content":{"rendered":"\n<p>Fike \u2013 <strong>Explosionsdruckentlastung \/ Dekompressionspaneele<\/strong> vom Typ CV-I sind hochfeste Verbundmembranen.<\/p>\n\n\n\n<p>Die explosionssicheren Membranen des Typs CV-I sind leichte explosionssichere Klappen, die f\u00fcr das splitterfreie Bersten und den Schutz von Ger\u00e4ten in der Industrie entwickelt wurden. Die Explosionsklappen erf\u00fcllen alle Anforderungen der EN 14797, (Europ\u00e4ische Norm f\u00fcr Explosionsentlastungsvorrichtungen) und der NFPA 68, der bekanntesten Richtlinie f\u00fcr die Ableitung von Explosionen und Deflagrationen.<\/p>\n\n\n\n<h3 class=\"wp-block-heading\">Merkmale:<\/h3>\n\n\n\n<p>Explosionsgesch\u00fctzte D\u00e4mpfer des Typs CV-I zeigen bei niedrigen und leichten Pulsationen eine hervorragende Leistung und garantieren durch ihre einzigartige Konstruktion eine lange Lebensdauer.<\/p>\n\n\n\n<h3 class=\"wp-block-heading\">CV-I\u2122 und CV-I-S\u2122 &#8211; <strong>Explosionsdruckentlastung<\/strong><\/h3>\n\n\n\n<p>Explosionsgesch\u00fctzte Klappen des Typs CV-I sind in den folgenden charakteristischen Ausf\u00fchrungen erh\u00e4ltlich, die jeweils ideale L\u00f6sungen f\u00fcr bestimmte Anwendungen oder Branchen bieten.<\/p>\n\n\n\n<div class=\"wp-block-columns is-layout-flex wp-container-core-columns-is-layout-9d6595d7 wp-block-columns-is-layout-flex\">\n<div class=\"wp-block-column is-vertically-aligned-top is-layout-flow wp-block-column-is-layout-flow\">\n<h4 class=\"wp-block-heading\">CV-I\u2122<\/h4>\n\n\n\n<p>Er wird in den meisten industriellen Anwendungen eingesetzt, bei denen der Betriebsdruck dem atmosph\u00e4rischen Druck entspricht.<\/p>\n\n\n\n<figure class=\"wp-block-image size-large\"><img decoding=\"async\" src=\"https:\/\/corona1.eu\/wp-content\/uploads\/2022\/08\/CVi-ep2-742x720-1.jpg\" alt=\"\"\/><\/figure>\n<\/div>\n\n\n\n<div class=\"wp-block-column is-layout-flow wp-block-column-is-layout-flow\">\n<h4 class=\"wp-block-heading\">CV-I-S\u2122<\/h4>\n\n\n\n<p>Er wird in industriellen Anwendungen eingesetzt, bei denen der Betriebsdruckbereich nahe dem Berstdruck liegt, oder bei Anwendungen, bei denen ein Vakuum vorhanden sein kann.<\/p>\n\n\n\n<figure class=\"wp-block-image size-large\"><img decoding=\"async\" src=\"https:\/\/corona1.eu\/wp-content\/uploads\/2022\/08\/CVSI2-742x720-1.jpg\" alt=\"\"\/><\/figure>\n<\/div>\n<\/div>\n","protected":false},"excerpt":{"rendered":"<p>Fike \u2013 Explosionsdruckentlastung \/ Dekompressionspaneele vom Typ CV-I sind hochfeste Verbundmembranen. Die explosionssicheren Membranen des [&hellip;]<\/p>\n","protected":false},"author":1,"featured_media":101,"parent":116,"menu_order":0,"comment_status":"closed","ping_status":"closed","template":"kg_products_template.php","meta":{"pgc_sgb_lightbox_settings":"","footnotes":""},"categories":[15],"tags":[],"class_list":["post-100","page","type-page","status-publish","has-post-thumbnail","hentry","category-explosionsdruckentlastung"],"yoast_head":"<!-- This site is optimized with the Yoast SEO plugin v27.1.1 - https:\/\/yoast.com\/product\/yoast-seo-wordpress\/ -->\n<title>Explosionsdruckentlastung CV-I - CORONA Serwis<\/title>\n<meta name=\"robots\" content=\"index, follow, max-snippet:-1, max-image-preview:large, max-video-preview:-1\" \/>\n<link rel=\"canonical\" href=\"https:\/\/corona1.eu\/de\/explosionsdruckentlastung\/explosionsdruckentlastung-cv-i\/\" \/>\n<meta property=\"og:locale\" content=\"de_DE\" \/>\n<meta property=\"og:type\" content=\"article\" \/>\n<meta property=\"og:title\" content=\"Explosionsdruckentlastung CV-I - CORONA Serwis\" \/>\n<meta property=\"og:description\" content=\"Fike \u2013 Explosionsdruckentlastung \/ Dekompressionspaneele vom Typ CV-I sind hochfeste Verbundmembranen. Die explosionssicheren Membranen des [&hellip;]\" \/>\n<meta property=\"og:url\" content=\"https:\/\/corona1.eu\/de\/explosionsdruckentlastung\/explosionsdruckentlastung-cv-i\/\" \/>\n<meta property=\"og:site_name\" content=\"CORONA Serwis\" \/>\n<meta property=\"article:modified_time\" content=\"2025-02-27T14:20:02+00:00\" \/>\n<meta property=\"og:image\" content=\"https:\/\/corona1.eu\/de\/wp-content\/uploads\/2025\/02\/CVi-ep2-742x720-1.jpg\" \/>\n\t<meta property=\"og:image:width\" content=\"742\" \/>\n\t<meta property=\"og:image:height\" content=\"720\" \/>\n\t<meta property=\"og:image:type\" content=\"image\/jpeg\" \/>\n<meta name=\"twitter:card\" content=\"summary_large_image\" \/>\n<meta name=\"twitter:label1\" content=\"Gesch\u00e4tzte Lesezeit\" \/>\n\t<meta name=\"twitter:data1\" content=\"2\u00a0Minuten\" \/>\n<script type=\"application\/ld+json\" class=\"yoast-schema-graph\">{\"@context\":\"https:\/\/schema.org\",\"@graph\":[{\"@type\":\"WebPage\",\"@id\":\"https:\/\/corona1.eu\/de\/explosionsdruckentlastung\/explosionsdruckentlastung-cv-i\/\",\"url\":\"https:\/\/corona1.eu\/de\/explosionsdruckentlastung\/explosionsdruckentlastung-cv-i\/\",\"name\":\"Explosionsdruckentlastung CV-I - CORONA Serwis\",\"isPartOf\":{\"@id\":\"https:\/\/corona1.eu\/de\/#website\"},\"primaryImageOfPage\":{\"@id\":\"https:\/\/corona1.eu\/de\/explosionsdruckentlastung\/explosionsdruckentlastung-cv-i\/#primaryimage\"},\"image\":{\"@id\":\"https:\/\/corona1.eu\/de\/explosionsdruckentlastung\/explosionsdruckentlastung-cv-i\/#primaryimage\"},\"thumbnailUrl\":\"https:\/\/corona1.eu\/de\/wp-content\/uploads\/2025\/02\/CVi-ep2-742x720-1.jpg\",\"datePublished\":\"2025-02-27T10:06:54+00:00\",\"dateModified\":\"2025-02-27T14:20:02+00:00\",\"breadcrumb\":{\"@id\":\"https:\/\/corona1.eu\/de\/explosionsdruckentlastung\/explosionsdruckentlastung-cv-i\/#breadcrumb\"},\"inLanguage\":\"de\",\"potentialAction\":[{\"@type\":\"ReadAction\",\"target\":[\"https:\/\/corona1.eu\/de\/explosionsdruckentlastung\/explosionsdruckentlastung-cv-i\/\"]}]},{\"@type\":\"ImageObject\",\"inLanguage\":\"de\",\"@id\":\"https:\/\/corona1.eu\/de\/explosionsdruckentlastung\/explosionsdruckentlastung-cv-i\/#primaryimage\",\"url\":\"https:\/\/corona1.eu\/de\/wp-content\/uploads\/2025\/02\/CVi-ep2-742x720-1.jpg\",\"contentUrl\":\"https:\/\/corona1.eu\/de\/wp-content\/uploads\/2025\/02\/CVi-ep2-742x720-1.jpg\",\"width\":742,\"height\":720},{\"@type\":\"BreadcrumbList\",\"@id\":\"https:\/\/corona1.eu\/de\/explosionsdruckentlastung\/explosionsdruckentlastung-cv-i\/#breadcrumb\",\"itemListElement\":[{\"@type\":\"ListItem\",\"position\":1,\"name\":\"Startseite\",\"item\":\"https:\/\/corona1.eu\/de\/\"},{\"@type\":\"ListItem\",\"position\":2,\"name\":\"Explosionsdruckentlastung\",\"item\":\"https:\/\/corona1.eu\/de\/explosionsdruckentlastung\/\"},{\"@type\":\"ListItem\",\"position\":3,\"name\":\"Explosionsdruckentlastung CV-I\"}]},{\"@type\":\"WebSite\",\"@id\":\"https:\/\/corona1.eu\/de\/#website\",\"url\":\"https:\/\/corona1.eu\/de\/\",\"name\":\"CORONA Serwis\",\"description\":\"\",\"potentialAction\":[{\"@type\":\"SearchAction\",\"target\":{\"@type\":\"EntryPoint\",\"urlTemplate\":\"https:\/\/corona1.eu\/de\/?s={search_term_string}\"},\"query-input\":{\"@type\":\"PropertyValueSpecification\",\"valueRequired\":true,\"valueName\":\"search_term_string\"}}],\"inLanguage\":\"de\"}]}<\/script>\n<!-- \/ Yoast SEO plugin. -->","yoast_head_json":{"title":"Explosionsdruckentlastung CV-I - CORONA Serwis","robots":{"index":"index","follow":"follow","max-snippet":"max-snippet:-1","max-image-preview":"max-image-preview:large","max-video-preview":"max-video-preview:-1"},"canonical":"https:\/\/corona1.eu\/de\/explosionsdruckentlastung\/explosionsdruckentlastung-cv-i\/","og_locale":"de_DE","og_type":"article","og_title":"Explosionsdruckentlastung CV-I - CORONA Serwis","og_description":"Fike \u2013 Explosionsdruckentlastung \/ Dekompressionspaneele vom Typ CV-I sind hochfeste Verbundmembranen. Die explosionssicheren Membranen des [&hellip;]","og_url":"https:\/\/corona1.eu\/de\/explosionsdruckentlastung\/explosionsdruckentlastung-cv-i\/","og_site_name":"CORONA Serwis","article_modified_time":"2025-02-27T14:20:02+00:00","og_image":[{"width":742,"height":720,"url":"https:\/\/corona1.eu\/de\/wp-content\/uploads\/2025\/02\/CVi-ep2-742x720-1.jpg","type":"image\/jpeg"}],"twitter_card":"summary_large_image","twitter_misc":{"Gesch\u00e4tzte Lesezeit":"2\u00a0Minuten"},"schema":{"@context":"https:\/\/schema.org","@graph":[{"@type":"WebPage","@id":"https:\/\/corona1.eu\/de\/explosionsdruckentlastung\/explosionsdruckentlastung-cv-i\/","url":"https:\/\/corona1.eu\/de\/explosionsdruckentlastung\/explosionsdruckentlastung-cv-i\/","name":"Explosionsdruckentlastung CV-I - CORONA Serwis","isPartOf":{"@id":"https:\/\/corona1.eu\/de\/#website"},"primaryImageOfPage":{"@id":"https:\/\/corona1.eu\/de\/explosionsdruckentlastung\/explosionsdruckentlastung-cv-i\/#primaryimage"},"image":{"@id":"https:\/\/corona1.eu\/de\/explosionsdruckentlastung\/explosionsdruckentlastung-cv-i\/#primaryimage"},"thumbnailUrl":"https:\/\/corona1.eu\/de\/wp-content\/uploads\/2025\/02\/CVi-ep2-742x720-1.jpg","datePublished":"2025-02-27T10:06:54+00:00","dateModified":"2025-02-27T14:20:02+00:00","breadcrumb":{"@id":"https:\/\/corona1.eu\/de\/explosionsdruckentlastung\/explosionsdruckentlastung-cv-i\/#breadcrumb"},"inLanguage":"de","potentialAction":[{"@type":"ReadAction","target":["https:\/\/corona1.eu\/de\/explosionsdruckentlastung\/explosionsdruckentlastung-cv-i\/"]}]},{"@type":"ImageObject","inLanguage":"de","@id":"https:\/\/corona1.eu\/de\/explosionsdruckentlastung\/explosionsdruckentlastung-cv-i\/#primaryimage","url":"https:\/\/corona1.eu\/de\/wp-content\/uploads\/2025\/02\/CVi-ep2-742x720-1.jpg","contentUrl":"https:\/\/corona1.eu\/de\/wp-content\/uploads\/2025\/02\/CVi-ep2-742x720-1.jpg","width":742,"height":720},{"@type":"BreadcrumbList","@id":"https:\/\/corona1.eu\/de\/explosionsdruckentlastung\/explosionsdruckentlastung-cv-i\/#breadcrumb","itemListElement":[{"@type":"ListItem","position":1,"name":"Startseite","item":"https:\/\/corona1.eu\/de\/"},{"@type":"ListItem","position":2,"name":"Explosionsdruckentlastung","item":"https:\/\/corona1.eu\/de\/explosionsdruckentlastung\/"},{"@type":"ListItem","position":3,"name":"Explosionsdruckentlastung CV-I"}]},{"@type":"WebSite","@id":"https:\/\/corona1.eu\/de\/#website","url":"https:\/\/corona1.eu\/de\/","name":"CORONA Serwis","description":"","potentialAction":[{"@type":"SearchAction","target":{"@type":"EntryPoint","urlTemplate":"https:\/\/corona1.eu\/de\/?s={search_term_string}"},"query-input":{"@type":"PropertyValueSpecification","valueRequired":true,"valueName":"search_term_string"}}],"inLanguage":"de"}]}},"_links":{"self":[{"href":"https:\/\/corona1.eu\/de\/wp-json\/wp\/v2\/pages\/100","targetHints":{"allow":["GET"]}}],"collection":[{"href":"https:\/\/corona1.eu\/de\/wp-json\/wp\/v2\/pages"}],"about":[{"href":"https:\/\/corona1.eu\/de\/wp-json\/wp\/v2\/types\/page"}],"author":[{"embeddable":true,"href":"https:\/\/corona1.eu\/de\/wp-json\/wp\/v2\/users\/1"}],"replies":[{"embeddable":true,"href":"https:\/\/corona1.eu\/de\/wp-json\/wp\/v2\/comments?post=100"}],"version-history":[{"count":2,"href":"https:\/\/corona1.eu\/de\/wp-json\/wp\/v2\/pages\/100\/revisions"}],"predecessor-version":[{"id":103,"href":"https:\/\/corona1.eu\/de\/wp-json\/wp\/v2\/pages\/100\/revisions\/103"}],"up":[{"embeddable":true,"href":"https:\/\/corona1.eu\/de\/wp-json\/wp\/v2\/pages\/116"}],"wp:featuredmedia":[{"embeddable":true,"href":"https:\/\/corona1.eu\/de\/wp-json\/wp\/v2\/media\/101"}],"wp:attachment":[{"href":"https:\/\/corona1.eu\/de\/wp-json\/wp\/v2\/media?parent=100"}],"wp:term":[{"taxonomy":"category","embeddable":true,"href":"https:\/\/corona1.eu\/de\/wp-json\/wp\/v2\/categories?post=100"},{"taxonomy":"post_tag","embeddable":true,"href":"https:\/\/corona1.eu\/de\/wp-json\/wp\/v2\/tags?post=100"}],"curies":[{"name":"wp","href":"https:\/\/api.w.org\/{rel}","templated":true}]}}